{"id":7907,"date":"2024-07-06T12:15:57","date_gmt":"2024-07-06T10:15:57","guid":{"rendered":"https:\/\/equalusis.com\/?page_id=7907"},"modified":"2024-07-20T22:23:05","modified_gmt":"2024-07-20T20:23:05","slug":"politique-de-confidentialite","status":"publish","type":"page","link":"https:\/\/equalusis.com\/index.php\/politique-de-confidentialite\/","title":{"rendered":"Politique de confidentialit\u00e9"},"content":{"rendered":"\n<p><strong>Derni\u00e8re mise \u00e0 jour : [21\/07\/2024]<\/strong><\/p>\n\n\n\n<p>Equalusis s&#8217;engage \u00e0 prot\u00e9ger la vie priv\u00e9e de ses utilisateurs et \u00e0 assurer la confidentialit\u00e9 et la s\u00e9curit\u00e9 de leurs donn\u00e9es personnelles. Cette politique de confidentialit\u00e9 explique quelles informations nous collectons, comment nous les utilisons, et les droits des utilisateurs concernant leurs donn\u00e9es.<\/p>\n\n\n\n<h4 class=\"wp-block-heading\">1. Identit\u00e9 et coordonn\u00e9es de l&#8217;organisme<\/h4>\n\n\n\n<ul class=\"wp-block-list\">\n<li><strong>Nom de l&#8217;organisme :<\/strong> Equalusis<\/li>\n\n\n\n<li><strong>Adresse :<\/strong> 229 RUE SAINT-HONORE, 75001 PARIS<\/li>\n\n\n\n<li><strong>Email :<\/strong> contact@equalusis.com<\/li>\n<\/ul>\n\n\n\n<h4 class=\"wp-block-heading\">2. Responsable du traitement des donn\u00e9es<\/h4>\n\n\n\n<ul class=\"wp-block-list\">\n<li><strong>Responsable :<\/strong> Equalusis<\/li>\n\n\n\n<li><strong>Contact :<\/strong> contact@equalusis.com<\/li>\n<\/ul>\n\n\n\n<h4 class=\"wp-block-heading\">3. Finalit\u00e9 de la collecte des donn\u00e9es<\/h4>\n\n\n\n<p>Nous collectons les donn\u00e9es personnelles suivantes via notre formulaire de contact : nom, pr\u00e9nom, adresse e-mail, num\u00e9ro de t\u00e9l\u00e9phone, nom de soci\u00e9t\u00e9, navigateur et type d&#8217;appareil utilis\u00e9. Ces donn\u00e9es sont collect\u00e9es pour pouvoir r\u00e9pondre aux besoins des clients qui nous contactent.<\/p>\n\n\n\n<h4 class=\"wp-block-heading\">4. Base l\u00e9gale de la collecte<\/h4>\n\n\n\n<p>La collecte des donn\u00e9es personnelles repose sur le consentement de l&#8217;utilisateur.<\/p>\n\n\n\n<h4 class=\"wp-block-heading\">5. Caract\u00e8re obligatoire ou facultatif de la collecte<\/h4>\n\n\n\n<p>La fourniture des donn\u00e9es via le formulaire de contact est facultative. Cependant, pour pouvoir nous contacter via ce formulaire, l&#8217;utilisateur doit obligatoirement renseigner son nom, pr\u00e9nom et adresse e-mail afin que nous puissions le recontacter.<\/p>\n\n\n\n<h4 class=\"wp-block-heading\">6. Cat\u00e9gories de destinataires des donn\u00e9es<\/h4>\n\n\n\n<p>Les donn\u00e9es collect\u00e9es sont destin\u00e9es uniquement aux salari\u00e9s d&#8217;Equalusis qui en ont besoin pour traiter les demandes des utilisateurs.<\/p>\n\n\n\n<h4 class=\"wp-block-heading\">7. Dur\u00e9e de conservation des donn\u00e9es<\/h4>\n\n\n\n<p>Les donn\u00e9es personnelles sont conserv\u00e9es pendant 12 mois sur le site d&#8217;Equalusis, puis elles sont supprim\u00e9es de notre base de donn\u00e9es. Les utilisateurs peuvent demander la suppression de leurs donn\u00e9es personnelles en nous contactant \u00e0 l&#8217;adresse : contact@equalusis.com.<\/p>\n\n\n\n<h4 class=\"wp-block-heading\">8. Droits des personnes concern\u00e9es<\/h4>\n\n\n\n<p>Les utilisateurs ont le droit d&#8217;acc\u00e9der, de rectifier, de supprimer et de porter leurs donn\u00e9es. Ils peuvent exercer ces droits en nous contactant par mail \u00e0 : contact@equalusis.com. Une copie d\u2019une pi\u00e8ce d\u2019identit\u00e9 pourra \u00eatre demand\u00e9e pour v\u00e9rifier l\u2019identit\u00e9 du demandeur. Bien que nous n&#8217;ayons pas de DPO d\u00e9sign\u00e9, nous nous engageons \u00e0 traiter toutes les demandes relatives aux donn\u00e9es personnelles avec la plus grande attention.<\/p>\n\n\n\n<h4 class=\"wp-block-heading\">9. Transfert des donn\u00e9es personnelles hors de l&#8217;UE<\/h4>\n\n\n\n<p>Aucun transfert des donn\u00e9es personnelles des utilisateurs vers des pays en dehors de l&#8217;Union Europ\u00e9enne n&#8217;est effectu\u00e9.<\/p>\n\n\n\n<h4 class=\"wp-block-heading\">10. Droits de r\u00e9clamation aupr\u00e8s de la CNIL<\/h4>\n\n\n\n<p>Si un utilisateur estime que le traitement de ses donn\u00e9es personnelles enfreint les r\u00e9glementations en vigueur, il peut d\u00e9poser une plainte aupr\u00e8s de la CNIL via leur site web : <a href=\"https:\/\/cnil.fr\/fr\">https:\/\/cnil.fr\/fr<\/a>.<\/p>\n\n\n\n<h4 class=\"wp-block-heading\">11. Retrait du consentement<\/h4>\n\n\n\n<p>Les utilisateurs peuvent retirer leur consentement \u00e0 tout moment en nous contactant \u00e0 l&#8217;adresse : contact@equalusis.com.<\/p>\n\n\n\n<hr class=\"wp-block-separator has-alpha-channel-opacity\"\/>\n\n\n\n<p>Pour toute question suppl\u00e9mentaire concernant notre politique de confidentialit\u00e9, veuillez nous contacter \u00e0 l&#8217;adresse suivante : contact@equalusis.com.<\/p>\n","protected":false},"excerpt":{"rendered":"<p>Derni\u00e8re mise \u00e0 jour : [21\/07\/2024] Equalusis s&#8217;engage \u00e0 prot\u00e9ger la vie priv\u00e9e de ses utilisateurs et \u00e0 assurer la confidentialit\u00e9 et la s\u00e9curit\u00e9 de leurs donn\u00e9es personnelles. Cette politique de confidentialit\u00e9 explique quelles informations nous collectons, comment nous les utilisons, et les droits des utilisateurs concernant leurs donn\u00e9es. 1. Identit\u00e9 et coordonn\u00e9es de l&#8217;organisme<\/p>\n","protected":false},"author":1,"featured_media":0,"parent":0,"menu_order":0,"comment_status":"closed","ping_status":"closed","template":"","meta":{"iawp_total_views":23,"footnotes":""},"class_list":["post-7907","page","type-page","status-publish","hentry"],"_links":{"self":[{"href":"https:\/\/equalusis.com\/index.php\/wp-json\/wp\/v2\/pages\/7907","targetHints":{"allow":["GET"]}}],"collection":[{"href":"https:\/\/equalusis.com\/index.php\/wp-json\/wp\/v2\/pages"}],"about":[{"href":"https:\/\/equalusis.com\/index.php\/wp-json\/wp\/v2\/types\/page"}],"author":[{"embeddable":true,"href":"https:\/\/equalusis.com\/index.php\/wp-json\/wp\/v2\/users\/1"}],"replies":[{"embeddable":true,"href":"https:\/\/equalusis.com\/index.php\/wp-json\/wp\/v2\/comments?post=7907"}],"version-history":[{"count":17,"href":"https:\/\/equalusis.com\/index.php\/wp-json\/wp\/v2\/pages\/7907\/revisions"}],"predecessor-version":[{"id":8705,"href":"https:\/\/equalusis.com\/index.php\/wp-json\/wp\/v2\/pages\/7907\/revisions\/8705"}],"wp:attachment":[{"href":"https:\/\/equalusis.com\/index.php\/wp-json\/wp\/v2\/media?parent=7907"}],"curies":[{"name":"wp","href":"https:\/\/api.w.org\/{rel}","templated":true}]}}