{"id":3,"date":"2024-05-31T21:43:11","date_gmt":"2024-05-31T19:43:11","guid":{"rendered":"http:\/\/equalusis.com\/?page_id=3"},"modified":"2024-07-21T11:52:05","modified_gmt":"2024-07-21T09:52:05","slug":"mentions-legales","status":"publish","type":"page","link":"https:\/\/equalusis.com\/index.php\/mentions-legales\/","title":{"rendered":"Mentions l\u00e9gales"},"content":{"rendered":"\n<p><strong>Derni\u00e8re mise \u00e0 jour : [21\/07\/2024]<\/strong><\/p>\n\n\n\n<h4 class=\"wp-block-heading\">1. Informations d\u2019identification<\/h4>\n\n\n\n<p><strong>Nom de l&#8217;entreprise :<\/strong> EQUALUSIS<br><strong>Forme juridique :<\/strong> SAS<br><strong>Adresse du si\u00e8ge social :<\/strong> 229 RUE SAINT-HONORE, 75001 PARIS<br><strong>Num\u00e9ro RCS :<\/strong> Paris B 929 437 432<br><strong>Email de contact<\/strong> : contact@equalusis.com<\/p>\n\n\n\n<h4 class=\"wp-block-heading\">2. H\u00e9bergeur du site<\/h4>\n\n\n\n<p><strong>Nom de l&#8217;h\u00e9bergeur :<\/strong> OVH<br><strong>Raison sociale :<\/strong> SAS<br><strong>Adresse :<\/strong> 2 rue Kellermann, 59100 Roubaix, France<br><strong>Num\u00e9ro SIRET :<\/strong> 424 761 419 00045<\/p>\n\n\n\n<h4 class=\"wp-block-heading\">3. Propri\u00e9t\u00e9 intellectuelle<\/h4>\n\n\n\n<p>EQUALUSIS d\u00e9tient les autorisations n\u00e9cessaires \u00e0 l&#8217;usage des images pr\u00e9sentes sur son site web. Toute utilisation non autoris\u00e9e de ces images est strictement interdite.<\/p>\n\n\n\n<h4 class=\"wp-block-heading\">4. Utilisation des cookies<\/h4>\n\n\n\n<p>EQUALUSIS utilise diff\u00e9rents cookies pour offrir \u00e0 l&#8217;utilisateur la meilleure exp\u00e9rience possible. Les cookies peuvent \u00eatre n\u00e9cessaires pour le bon fonctionnement du site ou utilis\u00e9s \u00e0 des fins analytiques et publicitaires. Les utilisateurs peuvent refuser l&#8217;usage des cookies en cliquant sur le bouton marquant leur refus sur la banni\u00e8re de consentement qui appara\u00eet \u00e0 l&#8217;entr\u00e9e du site.<\/p>\n\n\n\n<h4 class=\"wp-block-heading\">5. Collecte des donn\u00e9es personnelles<\/h4>\n\n\n\n<p>EQUALUSIS collecte des donn\u00e9es personnelles via son formulaire de contact, notamment le nom, le pr\u00e9nom, l&#8217;adresse email, le num\u00e9ro de t\u00e9l\u00e9phone et le nom de la soci\u00e9t\u00e9 de l&#8217;utilisateur. D&#8217;autres informations, telles que le type de navigateur et d&#8217;appareil utilis\u00e9, peuvent \u00e9galement \u00eatre collect\u00e9es indirectement. Les donn\u00e9es personnelles collect\u00e9es ne sont pas transf\u00e9r\u00e9es en dehors de l&#8217;Union europ\u00e9enne.<\/p>\n\n\n\n<h4 class=\"wp-block-heading\">6. Droits des utilisateurs<\/h4>\n\n\n\n<p>Conform\u00e9ment au RGPD, les utilisateurs ont le droit d&#8217;acc\u00e9der, de rectifier, de s&#8217;opposer et d&#8217;effacer leurs donn\u00e9es personnelles. Pour exercer ces droits, les utilisateurs peuvent contacter EQUALUSIS \u00e0 l&#8217;adresse email suivante : contact@equalusis.com. <\/p>\n\n\n\n<hr class=\"wp-block-separator has-alpha-channel-opacity\"\/>\n\n\n\n<p>Pour toute question suppl\u00e9mentaire sur les mentions l\u00e9gales, veuillez contacter EQUALUSIS \u00e0 l&#8217;adresse email suivante : contact@equalusis.com.<\/p>\n","protected":false},"excerpt":{"rendered":"<p>Derni\u00e8re mise \u00e0 jour : [21\/07\/2024] 1. Informations d\u2019identification Nom de l&#8217;entreprise : EQUALUSISForme juridique : SASAdresse du si\u00e8ge social : 229 RUE SAINT-HONORE, 75001 PARISNum\u00e9ro RCS : Paris B 929 437 432Email de contact : contact@equalusis.com 2. H\u00e9bergeur du site Nom de l&#8217;h\u00e9bergeur : OVHRaison sociale : SASAdresse : 2 rue Kellermann, 59100 Roubaix,<\/p>\n","protected":false},"author":1,"featured_media":0,"parent":0,"menu_order":0,"comment_status":"closed","ping_status":"closed","template":"","meta":{"iawp_total_views":27,"footnotes":""},"class_list":["post-3","page","type-page","status-publish","hentry"],"_links":{"self":[{"href":"https:\/\/equalusis.com\/index.php\/wp-json\/wp\/v2\/pages\/3","targetHints":{"allow":["GET"]}}],"collection":[{"href":"https:\/\/equalusis.com\/index.php\/wp-json\/wp\/v2\/pages"}],"about":[{"href":"https:\/\/equalusis.com\/index.php\/wp-json\/wp\/v2\/types\/page"}],"author":[{"embeddable":true,"href":"https:\/\/equalusis.com\/index.php\/wp-json\/wp\/v2\/users\/1"}],"replies":[{"embeddable":true,"href":"https:\/\/equalusis.com\/index.php\/wp-json\/wp\/v2\/comments?post=3"}],"version-history":[{"count":11,"href":"https:\/\/equalusis.com\/index.php\/wp-json\/wp\/v2\/pages\/3\/revisions"}],"predecessor-version":[{"id":8709,"href":"https:\/\/equalusis.com\/index.php\/wp-json\/wp\/v2\/pages\/3\/revisions\/8709"}],"wp:attachment":[{"href":"https:\/\/equalusis.com\/index.php\/wp-json\/wp\/v2\/media?parent=3"}],"curies":[{"name":"wp","href":"https:\/\/api.w.org\/{rel}","templated":true}]}}